{"id":225,"date":"2018-04-16T16:21:59","date_gmt":"2018-04-16T16:21:59","guid":{"rendered":"https:\/\/yourlegaltranslator.gr\/?page_id=225"},"modified":"2018-04-18T14:27:17","modified_gmt":"2018-04-18T14:27:17","slug":"services-2","status":"publish","type":"page","link":"https:\/\/yourlegaltranslator.gr\/?page_id=225&lang=fr","title":{"rendered":"SERVICES"},"content":{"rendered":"<p style=\"text-align: center;\">\n<strong>TRADUCTION<\/strong>\n<\/p>\n<p style=\"text-align: left;\">\nNous effectuons la traduction des documents juridiques et de toutes sortes de documents de l&#8217;anglais (et du fran\u00e7ais) vers le grec et vice versa. La traduction de vos documents juridiques est faite exclusivement par des traducteurs juridiques sp\u00e9cialis\u00e9s dans la terminologie juridique et la l\u00e9gislation de chaque pays.\n<\/p>\n<p style=\"text-align: center;\">\n<strong>R\u00c9VISION DE DOCU\u039c\u0395\u039dTS<\/strong>\n<\/p>\n<p style=\"text-align: left;\">\nDans notre service de r\u00e9vision, les textes finals sont r\u00e9vis\u00e9s et \u00e9valu\u00e9s par un deuxi\u00e8me traducteur qui est sp\u00e9cialis\u00e9 dans la terminologie juridique, avant qu&#8217;ils vous parviennent. Cela garantit la qualit\u00e9 des services fournis.\n<\/p>\n<p style=\"text-align: center;\">\n<strong>VALIDATION<\/strong>\n<\/p>\n<p style=\"text-align: left;\">\nLa traduction de vos documents l\u00e9gaux et de toutes sortes de documents est certifi\u00e9e par un avocat, 36 (2) (b) et (c) de la Loi n \u00b0 4194\/2013, ayant plein effet vis-\u00e0-vis de toute autorit\u00e9 judiciaire ou de toute autre autorit\u00e9.<\/p>\n","protected":false},"excerpt":{"rendered":"<p>TRADUCTION Nous effectuons la traduction des documents juridiques et de toutes sortes de documents de l&#8217;anglais (et du fran\u00e7ais) vers le grec et vice versa. La traduction de vos documents juridiques est faite exclusivement par des traducteurs juridiques sp\u00e9cialis\u00e9s dans la terminologie juridique et la l\u00e9gislation de chaque pays. R\u00c9VISION DE DOCU\u039c\u0395\u039dTS Dans notre service [&hellip;]<\/p>\n","protected":false},"author":1,"featured_media":0,"parent":0,"menu_order":0,"comment_status":"closed","ping_status":"closed","template":"","meta":[],"_links":{"self":[{"href":"https:\/\/yourlegaltranslator.gr\/index.php?rest_route=\/wp\/v2\/pages\/225"}],"collection":[{"href":"https:\/\/yourlegaltranslator.gr\/index.php?rest_route=\/wp\/v2\/pages"}],"about":[{"href":"https:\/\/yourlegaltranslator.gr\/index.php?rest_route=\/wp\/v2\/types\/page"}],"author":[{"embeddable":true,"href":"https:\/\/yourlegaltranslator.gr\/index.php?rest_route=\/wp\/v2\/users\/1"}],"replies":[{"embeddable":true,"href":"https:\/\/yourlegaltranslator.gr\/index.php?rest_route=%2Fwp%2Fv2%2Fcomments&post=225"}],"version-history":[{"count":3,"href":"https:\/\/yourlegaltranslator.gr\/index.php?rest_route=\/wp\/v2\/pages\/225\/revisions"}],"predecessor-version":[{"id":248,"href":"https:\/\/yourlegaltranslator.gr\/index.php?rest_route=\/wp\/v2\/pages\/225\/revisions\/248"}],"wp:attachment":[{"href":"https:\/\/yourlegaltranslator.gr\/index.php?rest_route=%2Fwp%2Fv2%2Fmedia&parent=225"}],"curies":[{"name":"wp","href":"https:\/\/api.w.org\/{rel}","templated":true}]}}